{"id":197,"date":"2025-08-28T17:07:50","date_gmt":"2025-08-28T17:07:50","guid":{"rendered":"https:\/\/autoscredito.cl\/home\/?page_id=197"},"modified":"2025-08-28T17:34:12","modified_gmt":"2025-08-28T17:34:12","slug":"vender-tu-auto-el-mismo-dia-rapido-cash-vender-en-efectivo-contado-mi-auto","status":"publish","type":"page","link":"https:\/\/autoscredito.cl\/home\/vender-tu-auto-el-mismo-dia-rapido-cash-vender-en-efectivo-contado-mi-auto\/","title":{"rendered":"vender tu auto el mismo dia, rapido cash vender en efectivo contado mi auto"},"content":{"rendered":"\n<div class=\"wp-block-cover alignfull\" style=\"min-height:148px;aspect-ratio:unset;\"><span aria-hidden=\"true\" class=\"wp-block-cover__background has-background-dim-100 has-background-dim\" style=\"background-color:#0053aa\"><\/span><div class=\"wp-block-cover__inner-container is-layout-constrained wp-block-cover-is-layout-constrained\"><div class=\"wp-block-image\">\n<figure class=\"aligncenter size-full is-resized\"><img fetchpriority=\"high\" decoding=\"async\" width=\"1024\" height=\"288\" src=\"https:\/\/autoscredito.cl\/home\/wp-content\/uploads\/2025\/07\/cropped-485515E6-30DC-482F-AD17-FB33BF3697DD.png\" alt=\"\" class=\"wp-image-58\" style=\"width:229px;height:auto\" srcset=\"https:\/\/autoscredito.cl\/home\/wp-content\/uploads\/2025\/07\/cropped-485515E6-30DC-482F-AD17-FB33BF3697DD.png 1024w, https:\/\/autoscredito.cl\/home\/wp-content\/uploads\/2025\/07\/cropped-485515E6-30DC-482F-AD17-FB33BF3697DD-300x84.png 300w, https:\/\/autoscredito.cl\/home\/wp-content\/uploads\/2025\/07\/cropped-485515E6-30DC-482F-AD17-FB33BF3697DD-768x216.png 768w\" sizes=\"(max-width: 1024px) 100vw, 1024px\" \/><\/figure>\n<\/div><\/div><\/div>\n\n\n\n<p>Secci\u00f3n noticias autoscredito<\/p>\n\n\n\n<p class=\"has-black-color has-text-color has-link-color wp-elements-66fcb2fbf32b7580d16afc35b2d4e9c1\" style=\"font-size:24px\"><strong>Necesitas vender tu auto?<\/strong><\/p>\n\n\n\n<p class=\"has-black-color has-text-color has-link-color has-medium-font-size wp-elements-d3fb85f88c16230f8a435b5c56b347b4\">Existe en Chile <a href=\"https:\/\/autoscash.cl\/\">Autoscash.cl,<\/a>&nbsp;una plataforma innovadora dise\u00f1ada para facilitar la compra de autos usados a trav\u00e9s de un sistema de tasaci\u00f3n en l\u00ednea. Fundada en 2014<strong>,&nbsp;<a href=\"https:\/\/autoscash.cl\/\">Autoscash&nbsp;<\/a><\/strong>se convirti\u00f3 en la primera plataforma de este modelo de negocio en aparecer en Internet en Chile. Esta herramienta permite a los usuarios obtener una evaluaci\u00f3n r\u00e1pida y justa de sus veh\u00edculos, ahorrando tiempo y eliminando la incertidumbre que muchas veces acompa\u00f1a este tipo de transacciones, y sobre todo seguridad en todo el proceso de <strong>compra y venta<\/strong><\/p>\n\n\n\n<div style=\"height:20px\" aria-hidden=\"true\" class=\"wp-block-spacer\"><\/div>\n\n\n<div class=\"wp-block-image\">\n<figure class=\"aligncenter size-full\"><a href=\"https:\/\/autoscash.cl\/\"><img decoding=\"async\" width=\"1024\" height=\"306\" src=\"https:\/\/autoscredito.cl\/home\/wp-content\/uploads\/2025\/08\/banner-1024x306-1.png\" alt=\"\" class=\"wp-image-198\" srcset=\"https:\/\/autoscredito.cl\/home\/wp-content\/uploads\/2025\/08\/banner-1024x306-1.png 1024w, https:\/\/autoscredito.cl\/home\/wp-content\/uploads\/2025\/08\/banner-1024x306-1-300x90.png 300w, https:\/\/autoscredito.cl\/home\/wp-content\/uploads\/2025\/08\/banner-1024x306-1-768x230.png 768w\" sizes=\"(max-width: 1024px) 100vw, 1024px\" \/><\/a><\/figure>\n<\/div>\n\n\n<div style=\"height:20px\" aria-hidden=\"true\" class=\"wp-block-spacer\"><\/div>\n\n\n\n<div class=\"wp-block-buttons is-content-justification-center is-layout-flex wp-container-core-buttons-is-layout-16018d1d wp-block-buttons-is-layout-flex\">\n<div class=\"wp-block-button\"><a class=\"wp-block-button__link has-black-background-color has-background has-text-align-center wp-element-button\" href=\"https:\/\/autoscash.cl\/\"><strong>Aqui puedes tasar y vender tu auto<\/strong><\/a><\/div>\n<\/div>\n\n\n\n<div style=\"height:30px\" aria-hidden=\"true\" class=\"wp-block-spacer\"><\/div>\n","protected":false},"excerpt":{"rendered":"<p>Secci\u00f3n noticias autoscredito Necesitas vender tu auto? Existe en Chile Autoscash.cl,&nbsp;una plataforma innovadora dise\u00f1ada para facilitar la compra de autos usados a trav\u00e9s de un sistema de tasaci\u00f3n en l\u00ednea. &#8230;<\/p>\n","protected":false},"author":1,"featured_media":0,"parent":0,"menu_order":0,"comment_status":"closed","ping_status":"closed","template":"elementor_header_footer","meta":{"ngg_post_thumbnail":0,"footnotes":""},"class_list":["post-197","page","type-page","status-publish","hentry"],"_links":{"self":[{"href":"https:\/\/autoscredito.cl\/home\/wp-json\/wp\/v2\/pages\/197","targetHints":{"allow":["GET"]}}],"collection":[{"href":"https:\/\/autoscredito.cl\/home\/wp-json\/wp\/v2\/pages"}],"about":[{"href":"https:\/\/autoscredito.cl\/home\/wp-json\/wp\/v2\/types\/page"}],"author":[{"embeddable":true,"href":"https:\/\/autoscredito.cl\/home\/wp-json\/wp\/v2\/users\/1"}],"replies":[{"embeddable":true,"href":"https:\/\/autoscredito.cl\/home\/wp-json\/wp\/v2\/comments?post=197"}],"version-history":[{"count":6,"href":"https:\/\/autoscredito.cl\/home\/wp-json\/wp\/v2\/pages\/197\/revisions"}],"predecessor-version":[{"id":209,"href":"https:\/\/autoscredito.cl\/home\/wp-json\/wp\/v2\/pages\/197\/revisions\/209"}],"wp:attachment":[{"href":"https:\/\/autoscredito.cl\/home\/wp-json\/wp\/v2\/media?parent=197"}],"curies":[{"name":"wp","href":"https:\/\/api.w.org\/{rel}","templated":true}]}}